{"id":17,"date":"2025-05-13T03:56:19","date_gmt":"2025-05-13T03:56:19","guid":{"rendered":"https:\/\/altezains.com\/home\/"},"modified":"2025-11-04T16:01:51","modified_gmt":"2025-11-04T16:01:51","slug":"home","status":"publish","type":"page","link":"https:\/\/altezains.com\/es\/","title":{"rendered":"Home"},"content":{"rendered":"<div class=\"wp-block-group alignfull has-background-background-color has-background has-global-padding is-layout-constrained wp-container-core-group-is-layout-6fa30f3f wp-block-group-is-layout-constrained\" style=\"margin-top:0;margin-bottom:0;padding-top:0;padding-right:0;padding-bottom:0;padding-left:0\">\n<div class=\"wp-block-cover alignfull\" style=\"padding-right:var(--wp--preset--spacing--40);padding-left:var(--wp--preset--spacing--40);min-height:60vh;aspect-ratio:unset;\"><img loading=\"lazy\" decoding=\"async\" width=\"1024\" height=\"683\" class=\"wp-block-cover__image-background wp-image-163 size-large\" alt=\"\" src=\"https:\/\/altezains.com\/wp-content\/uploads\/2025\/05\/ChatGPT-Image-May-21-2025-04_51_48-PM-1024x683.png\" data-object-fit=\"cover\" srcset=\"https:\/\/altezains.com\/wp-content\/uploads\/2025\/05\/ChatGPT-Image-May-21-2025-04_51_48-PM-1024x683.png 1024w, https:\/\/altezains.com\/wp-content\/uploads\/2025\/05\/ChatGPT-Image-May-21-2025-04_51_48-PM-300x200.png 300w, https:\/\/altezains.com\/wp-content\/uploads\/2025\/05\/ChatGPT-Image-May-21-2025-04_51_48-PM-768x512.png 768w, https:\/\/altezains.com\/wp-content\/uploads\/2025\/05\/ChatGPT-Image-May-21-2025-04_51_48-PM.png 1536w\" sizes=\"auto, (max-width: 1024px) 100vw, 1024px\" \/><span aria-hidden=\"true\" class=\"wp-block-cover__background has-black-background-color has-background-dim-60 has-background-dim\"><\/span><div class=\"wp-block-cover__inner-container is-layout-flow wp-block-cover-is-layout-flow\">\n<div class=\"wp-block-group has-global-padding is-layout-constrained wp-block-group-is-layout-constrained\" style=\"padding-top:var(--wp--preset--spacing--80);padding-bottom:var(--wp--preset--spacing--80)\">\n<h1 class=\"wp-block-heading alignwide has-text-align-center has-white-color has-text-color\" style=\"margin-top:12px\">Protege el ma\u00f1ana con cobertura personalizada.<\/h1>\n\n\n\n<div class=\"wp-block-buttons is-content-justification-center is-layout-flex wp-container-core-buttons-is-layout-6e21085f wp-block-buttons-is-layout-flex\" style=\"margin-top:var(--wp--preset--spacing--40)\">\n<div class=\"wp-block-button is-style-fill\"><a class=\"wp-block-button__link has-text-color has-background has-link-color wp-element-button\" href=\"https:\/\/altezains.com\/es\/auto-insurance-quote-request-form\/\" style=\"color:#111111;background-color:#fcfcfc\">Obt\u00e9n una cotizaci\u00f3n de seguro de auto.<\/a><\/div>\n\n\n\n<div class=\"wp-block-button is-style-fill\"><a class=\"wp-block-button__link has-text-color has-background has-link-color wp-element-button\" href=\"https:\/\/altezains.com\/es\/contact\/\" style=\"color:#111111;background-color:#fcfcfc\">Cont\u00e1ctanos<\/a><\/div>\n<\/div>\n<\/div>\n<\/div><\/div>\n<\/div>\n\n\n\n<div class=\"wp-block-group alignfull has-tertiary-background-color has-background has-global-padding is-layout-constrained wp-container-core-group-is-layout-7276a2bb wp-block-group-is-layout-constrained\" id=\"services\" style=\"margin-top:0;margin-bottom:0;padding-top:var(--wp--preset--spacing--60);padding-right:var(--wp--preset--spacing--30);padding-bottom:var(--wp--preset--spacing--60);padding-left:var(--wp--preset--spacing--30)\">\n<div class=\"wp-block-group alignwide has-global-padding is-content-justification-center is-layout-constrained wp-block-group-is-layout-constrained\">\n<h2 class=\"wp-block-heading has-text-align-center has-large-font-size\">Asegurando a Chicagoland por m\u00e1s de 20 a\u00f1os<\/h2>\n\n\n\n<p class=\"has-text-align-center\" style=\"margin-top:16px\">Nuestro experimentado equipo de Agentes de seguro te ayudar\u00e1 a encontrar la cobertura adecuada con las mejores compa\u00f1\u00edas y responde todas tus preguntas durante el proceso. Hemos servido con orgullo a clientes en Hanover Park, Streamwood, Elgin, Carpentersville y Chicago, tratando a todos con respeto y atenci\u00f3n. Perm\u00edtenos simplificar la b\u00fasqueda de tu seguro para que tengas tranquilidad.<\/p>\n<\/div>\n\n\n\n<div class=\"wp-block-columns alignwide is-layout-flex wp-container-core-columns-is-layout-d0846407 wp-block-columns-is-layout-flex\">\n<div class=\"wp-block-column is-layout-flow wp-block-column-is-layout-flow\">\n<h3 class=\"wp-block-heading has-text-align-center\" style=\"margin-top:24px;font-size:clamp(14px, 0.875rem + ((1vw - 3.2px) * 0.625), 20px);line-height:1.5\">\n  <strong>Seguro de Auto Personal<\/strong>\n<\/h3>\n\n\n\n<p class=\"has-text-align-center has-small-font-size\" style=\"margin-top:8px\">Protege tu auto y tu tranquilidad con un seguro de auto accesible y completo, adaptado a tus necesidades.<\/p>\n\n\n\n<figure class=\"wp-block-image size-large ext-aspect-landscape\"><img loading=\"lazy\" decoding=\"async\" width=\"1024\" height=\"683\" src=\"https:\/\/altezains.com\/wp-content\/uploads\/2025\/05\/ChatGPT-Image-May-19-2025-04_42_07-PM-1024x683.png\" alt=\"\" class=\"wp-image-66\" style=\"aspect-ratio:4\/3;object-fit:cover\" srcset=\"https:\/\/altezains.com\/wp-content\/uploads\/2025\/05\/ChatGPT-Image-May-19-2025-04_42_07-PM-1024x683.png 1024w, https:\/\/altezains.com\/wp-content\/uploads\/2025\/05\/ChatGPT-Image-May-19-2025-04_42_07-PM-300x200.png 300w, https:\/\/altezains.com\/wp-content\/uploads\/2025\/05\/ChatGPT-Image-May-19-2025-04_42_07-PM-768x512.png 768w, https:\/\/altezains.com\/wp-content\/uploads\/2025\/05\/ChatGPT-Image-May-19-2025-04_42_07-PM.png 1536w\" sizes=\"auto, (max-width: 1024px) 100vw, 1024px\" \/><\/figure>\n\n\n\n<div class=\"wp-block-buttons is-content-justification-center is-layout-flex wp-container-core-buttons-is-layout-749adb30 wp-block-buttons-is-layout-flex\">\n<div class=\"wp-block-button\"><a class=\"wp-block-button__link wp-element-button\" href=\"https:\/\/altezains.com\/es\/auto-insurance-quote-request-form\/\">Obt\u00e9n una cotizaci\u00f3n de seguro de auto.<\/a><\/div>\n<\/div>\n<\/div>\n\n\n\n<div class=\"wp-block-column is-layout-flow wp-block-column-is-layout-flow\">\n<h3 class=\"wp-block-heading has-text-align-center\" style=\"margin-top:24px;font-size:clamp(14px, 0.875rem + ((1vw - 3.2px) * 0.625), 20px);line-height:1.5\"><strong>Seguro de Casa \/ Inquilinos<\/strong><\/h3>\n\n\n\n<p class=\"has-text-align-center has-small-font-size\" style=\"margin-top:8px\">Protege tu hogar y todo lo que valoras con un seguro de vivienda confiable y personalizado.<\/p>\n\n\n\n<figure class=\"wp-block-image size-large ext-aspect-landscape\"><img loading=\"lazy\" decoding=\"async\" width=\"1024\" height=\"683\" src=\"https:\/\/altezains.com\/wp-content\/uploads\/2025\/05\/ChatGPT-Image-May-19-2025-04_46_41-PM-1024x683.png\" alt=\"\" class=\"wp-image-68\" style=\"aspect-ratio:4\/3;object-fit:cover\" srcset=\"https:\/\/altezains.com\/wp-content\/uploads\/2025\/05\/ChatGPT-Image-May-19-2025-04_46_41-PM-1024x683.png 1024w, https:\/\/altezains.com\/wp-content\/uploads\/2025\/05\/ChatGPT-Image-May-19-2025-04_46_41-PM-300x200.png 300w, https:\/\/altezains.com\/wp-content\/uploads\/2025\/05\/ChatGPT-Image-May-19-2025-04_46_41-PM-768x512.png 768w, https:\/\/altezains.com\/wp-content\/uploads\/2025\/05\/ChatGPT-Image-May-19-2025-04_46_41-PM.png 1536w\" sizes=\"auto, (max-width: 1024px) 100vw, 1024px\" \/><\/figure>\n\n\n\n<div class=\"wp-block-buttons is-content-justification-center is-layout-flex wp-container-core-buttons-is-layout-a89b3969 wp-block-buttons-is-layout-flex\">\n<div class=\"wp-block-button\"><a class=\"wp-block-button__link wp-element-button\" href=\"https:\/\/altezains.com\/es\/95-2\/\">Solicita una cotizaci\u00f3n de seguro de casa<\/a><\/div>\n<\/div>\n<\/div>\n\n\n\n<div class=\"wp-block-column is-layout-flow wp-block-column-is-layout-flow\">\n<h3 class=\"wp-block-heading has-text-align-center\" style=\"margin-top:24px;font-size:clamp(14px, 0.875rem + ((1vw - 3.2px) * 0.625), 20px);line-height:1.5\"><strong>Seguro de Auto Comercial<\/strong><\/h3>\n\n\n\n<p class=\"has-text-align-center has-small-font-size\" style=\"margin-top:8px\">Seguro de auto comercial confiable que protege tus veh\u00edculos, conductores y entregas.<\/p>\n\n\n\n<figure class=\"wp-block-image size-full ext-aspect-landscape\"><img loading=\"lazy\" decoding=\"async\" width=\"1024\" height=\"1024\" src=\"https:\/\/altezains.com\/wp-content\/uploads\/2025\/05\/ChatGPT-Image-May-19-2025-05_02_04-PM.png\" alt=\"\" class=\"wp-image-69\" style=\"aspect-ratio:4\/3;object-fit:cover\" srcset=\"https:\/\/altezains.com\/wp-content\/uploads\/2025\/05\/ChatGPT-Image-May-19-2025-05_02_04-PM.png 1024w, https:\/\/altezains.com\/wp-content\/uploads\/2025\/05\/ChatGPT-Image-May-19-2025-05_02_04-PM-300x300.png 300w, https:\/\/altezains.com\/wp-content\/uploads\/2025\/05\/ChatGPT-Image-May-19-2025-05_02_04-PM-150x150.png 150w, https:\/\/altezains.com\/wp-content\/uploads\/2025\/05\/ChatGPT-Image-May-19-2025-05_02_04-PM-768x768.png 768w\" sizes=\"auto, (max-width: 1024px) 100vw, 1024px\" \/><\/figure>\n\n\n\n<div class=\"wp-block-buttons is-content-justification-center is-layout-flex wp-container-core-buttons-is-layout-a89b3969 wp-block-buttons-is-layout-flex\">\n<div class=\"wp-block-button\"><a class=\"wp-block-button__link wp-element-button\" href=\"https:\/\/altezains.com\/es\/commercial-auto-insurance-quote\/\">Solicita una cotizaci\u00f3n de seguro de auto comercial<\/a><\/div>\n<\/div>\n<\/div>\n<\/div>\n\n\n\n<div class=\"wp-block-columns alignwide is-layout-flex wp-container-core-columns-is-layout-d0846407 wp-block-columns-is-layout-flex\">\n<div class=\"wp-block-column is-layout-flow wp-block-column-is-layout-flow\">\n<h3 class=\"wp-block-heading has-text-align-center\" style=\"margin-top:24px;font-size:clamp(14px, 0.875rem + ((1vw - 3.2px) * 0.625), 20px);line-height:1.5\"><strong>Seguro para Negocios<\/strong><\/h3>\n\n\n\n<p class=\"has-text-align-center has-small-font-size\" style=\"margin-top:8px\">Protege tu negocio con p\u00f3lizas dise\u00f1adas para cubrir las necesidades \u00fanicas de tu empresa.<\/p>\n\n\n\n<figure class=\"wp-block-image size-large ext-aspect-landscape\"><img loading=\"lazy\" decoding=\"async\" width=\"1024\" height=\"683\" src=\"https:\/\/altezains.com\/wp-content\/uploads\/2025\/05\/ChatGPT-Image-May-19-2025-02_36_51-PM-1024x683.png\" alt=\"\" class=\"wp-image-64\" style=\"aspect-ratio:4\/3;object-fit:cover\" srcset=\"https:\/\/altezains.com\/wp-content\/uploads\/2025\/05\/ChatGPT-Image-May-19-2025-02_36_51-PM-1024x683.png 1024w, https:\/\/altezains.com\/wp-content\/uploads\/2025\/05\/ChatGPT-Image-May-19-2025-02_36_51-PM-300x200.png 300w, https:\/\/altezains.com\/wp-content\/uploads\/2025\/05\/ChatGPT-Image-May-19-2025-02_36_51-PM-768x512.png 768w, https:\/\/altezains.com\/wp-content\/uploads\/2025\/05\/ChatGPT-Image-May-19-2025-02_36_51-PM.png 1536w\" sizes=\"auto, (max-width: 1024px) 100vw, 1024px\" \/><\/figure>\n\n\n\n<div class=\"wp-block-buttons is-content-justification-center is-layout-flex wp-container-core-buttons-is-layout-a89b3969 wp-block-buttons-is-layout-flex\">\n<div class=\"wp-block-button\"><a class=\"wp-block-button__link wp-element-button\" href=\"https:\/\/altezains.com\/es\/business-insurance-quote\/\">Solicita una cotizaci\u00f3n de seguro para negocios<\/a><\/div>\n<\/div>\n<\/div>\n\n\n\n<div class=\"wp-block-column is-layout-flow wp-block-column-is-layout-flow\">\n<h3 class=\"wp-block-heading has-text-align-center\" style=\"margin-top:24px;font-size:clamp(14px, 0.875rem + ((1vw - 3.2px) * 0.625), 20px);line-height:1.5\"><strong>Seguro de Compensaci\u00f3n para Trabajadores<\/strong><\/h3>\n\n\n\n<p class=\"has-text-align-center has-small-font-size\" style=\"margin-top:8px\">Cobertura que paga gastos m\u00e9dicos y reemplazo de salario para que puedas enfocarte en tu trabajo.<\/p>\n\n\n\n<figure class=\"wp-block-image size-full ext-aspect-landscape\"><img loading=\"lazy\" decoding=\"async\" width=\"1024\" height=\"1024\" src=\"https:\/\/altezains.com\/wp-content\/uploads\/2025\/05\/ChatGPT-Image-May-19-2025-01_52_04-PM.png\" alt=\"\" class=\"wp-image-61\" style=\"aspect-ratio:4\/3;object-fit:cover\" srcset=\"https:\/\/altezains.com\/wp-content\/uploads\/2025\/05\/ChatGPT-Image-May-19-2025-01_52_04-PM.png 1024w, https:\/\/altezains.com\/wp-content\/uploads\/2025\/05\/ChatGPT-Image-May-19-2025-01_52_04-PM-300x300.png 300w, https:\/\/altezains.com\/wp-content\/uploads\/2025\/05\/ChatGPT-Image-May-19-2025-01_52_04-PM-150x150.png 150w, https:\/\/altezains.com\/wp-content\/uploads\/2025\/05\/ChatGPT-Image-May-19-2025-01_52_04-PM-768x768.png 768w\" sizes=\"auto, (max-width: 1024px) 100vw, 1024px\" \/><\/figure>\n\n\n\n<div class=\"wp-block-buttons is-content-justification-center is-layout-flex wp-container-core-buttons-is-layout-a89b3969 wp-block-buttons-is-layout-flex\">\n<div class=\"wp-block-button\"><a class=\"wp-block-button__link wp-element-button\" href=\"https:\/\/altezains.com\/es\/workers-compensation-quote-form\/\">Solicita una cotizaci\u00f3n de seguro de compensaci\u00f3n para trabajadores<\/a><\/div>\n<\/div>\n<\/div>\n\n\n\n<div class=\"wp-block-column is-layout-flow wp-block-column-is-layout-flow\">\n<h3 class=\"wp-block-heading has-text-align-center\" style=\"margin-top:24px;font-size:clamp(14px, 0.875rem + ((1vw - 3.2px) * 0.625), 20px);line-height:1.5\"><strong>Seguro de Motocicleta<\/strong><\/h3>\n\n\n\n<p class=\"has-text-align-center has-small-font-size\" style=\"margin-top:8px\">Conduce con confianza con un seguro de motocicleta que te cubre a ti y a tu moto\u2014milla tras milla<\/p>\n\n\n\n<figure class=\"wp-block-image size-large ext-aspect-landscape\"><img loading=\"lazy\" decoding=\"async\" width=\"683\" height=\"1024\" src=\"https:\/\/altezains.com\/wp-content\/uploads\/2025\/05\/ChatGPT-Image-May-19-2025-02_06_40-PM-683x1024.png\" alt=\"\" class=\"wp-image-63\" style=\"aspect-ratio:4\/3;object-fit:cover\" srcset=\"https:\/\/altezains.com\/wp-content\/uploads\/2025\/05\/ChatGPT-Image-May-19-2025-02_06_40-PM-683x1024.png 683w, https:\/\/altezains.com\/wp-content\/uploads\/2025\/05\/ChatGPT-Image-May-19-2025-02_06_40-PM-200x300.png 200w, https:\/\/altezains.com\/wp-content\/uploads\/2025\/05\/ChatGPT-Image-May-19-2025-02_06_40-PM-768x1152.png 768w, https:\/\/altezains.com\/wp-content\/uploads\/2025\/05\/ChatGPT-Image-May-19-2025-02_06_40-PM.png 1024w\" sizes=\"auto, (max-width: 683px) 100vw, 683px\" \/><\/figure>\n\n\n\n<div class=\"wp-block-buttons is-content-justification-center is-layout-flex wp-container-core-buttons-is-layout-a89b3969 wp-block-buttons-is-layout-flex\">\n<div class=\"wp-block-button\"><a class=\"wp-block-button__link wp-element-button\" href=\"https:\/\/altezains.com\/es\/108-2\/\">Solicita una cotizaci\u00f3n de seguro de motocicleta<\/a><\/div>\n<\/div>\n<\/div>\n<\/div>\n<\/div>\n\n\n\n<div class=\"wp-block-group alignfull has-background-background-color has-background has-global-padding is-layout-constrained wp-container-core-group-is-layout-fb85e995 wp-block-group-is-layout-constrained\" id=\"about\" style=\"margin-top:0;margin-bottom:0;padding-top:var(--wp--preset--spacing--60);padding-right:var(--wp--preset--spacing--30);padding-bottom:var(--wp--preset--spacing--60);padding-left:var(--wp--preset--spacing--30)\">\n<h2 class=\"wp-block-heading has-text-align-center has-large-font-size\">Cobertura personalizada para cada etapa de la vida<\/h2>\n\n\n\n<p class=\"has-text-align-center\" style=\"margin-top:16px\">En Alteza Insurance Agency, nuestra misi\u00f3n es brindar soluciones de seguro personalizado con integridad y atenci\u00f3n, asegurando la confianza y seguridad  para cada cliente a quien servimos.<\/p>\n<\/div>\n\n\n\n<div class=\"wp-block-group alignfull has-tertiary-background-color has-background has-global-padding is-layout-constrained wp-container-core-group-is-layout-68d5e5bb wp-block-group-is-layout-constrained\" id=\"features\" style=\"margin-top:0;margin-bottom:0;padding-top:var(--wp--preset--spacing--50);padding-right:var(--wp--preset--spacing--30);padding-bottom:var(--wp--preset--spacing--60);padding-left:var(--wp--preset--spacing--30)\">\n<div class=\"wp-block-group alignwide is-vertical is-layout-flex wp-container-core-group-is-layout-fe9cc265 wp-block-group-is-layout-flex\">\n<div class=\"wp-block-group has-global-padding is-layout-constrained wp-block-group-is-layout-constrained\">\n<h2 class=\"wp-block-heading has-large-font-size\">Protegiendo tu futuro, una p\u00f3liza a la vez<\/h2>\n\n\n\n<p style=\"margin-top:16px\">Descubre lo mejor de nuestros servicios de seguros personalizados.<\/p>\n<\/div>\n<\/div>\n\n\n\n<div class=\"wp-block-columns alignwide is-layout-flex wp-container-core-columns-is-layout-87beb0d0 wp-block-columns-is-layout-flex\">\n<div class=\"wp-block-column has-background-background-color has-background is-layout-flow wp-block-column-is-layout-flow\" style=\"padding-top:1.5rem;padding-right:1.5rem;padding-bottom:1.5rem;padding-left:1.5rem\">\n<h3 class=\"wp-block-heading\" style=\"font-size:clamp(14px, 0.875rem + ((1vw - 3.2px) * 0.625), 20px);line-height:1.5\">Cobertura completa<\/h3>\n\n\n\n<p class=\"has-small-font-size\" style=\"margin-top:8px\">Protege lo que m\u00e1s importa con planes dise\u00f1ados para ti.<\/p>\n<\/div>\n\n\n\n<div class=\"wp-block-column has-background-background-color has-background is-layout-flow wp-block-column-is-layout-flow\" style=\"padding-top:1.5rem;padding-right:1.5rem;padding-bottom:1.5rem;padding-left:1.5rem\">\n<h3 class=\"wp-block-heading\" style=\"font-size:clamp(14px, 0.875rem + ((1vw - 3.2px) * 0.625), 20px);line-height:1.5\">Asesor\u00eda Experta<\/h3>\n\n\n\n<p class=\"has-small-font-size\" style=\"margin-top:8px\">Conf\u00eda en el asesoramiento personalizado de nuestro equipo experimentado.<\/p>\n<\/div>\n\n\n\n<div class=\"wp-block-column has-background-background-color has-background is-layout-flow wp-block-column-is-layout-flow\" style=\"padding-top:1.5rem;padding-right:1.5rem;padding-bottom:1.5rem;padding-left:1.5rem\">\n<h3 class=\"wp-block-heading\" style=\"font-size:clamp(14px, 0.875rem + ((1vw - 3.2px) * 0.625), 20px);line-height:1.5\">Planes Accesibles<\/h3>\n\n\n\n<p class=\"has-small-font-size\" style=\"margin-top:8px\">Soluciones flexibles que se adaptan a tu presupuesto y necesidades.<\/p>\n<\/div>\n\n\n\n<div class=\"wp-block-column has-background-background-color has-background is-layout-flow wp-block-column-is-layout-flow\" style=\"padding-top:1.5rem;padding-right:1.5rem;padding-bottom:1.5rem;padding-left:1.5rem\">\n<h3 class=\"wp-block-heading\" style=\"font-size:clamp(14px, 0.875rem + ((1vw - 3.2px) * 0.625), 20px);line-height:1.5\">Protecci\u00f3n para Negocios<\/h3>\n\n\n\n<p class=\"has-small-font-size\" style=\"margin-top:8px\">Protege tu negocio con opciones de cobertura personalizadas.<\/p>\n<\/div>\n<\/div>\n<\/div>\n\n\n\n<div class=\"wp-block-group alignfull has-tertiary-background-color has-background has-global-padding is-layout-constrained wp-block-group-is-layout-constrained\" id=\"contact\" style=\"margin-top:0;margin-bottom:0;padding-top:var(--wp--preset--spacing--60);padding-bottom:var(--wp--preset--spacing--60)\">\n<div class=\"wp-block-columns alignwide is-layout-flex wp-container-core-columns-is-layout-08c01c1c wp-block-columns-is-layout-flex\">\n<div class=\"wp-block-column is-layout-flow wp-block-column-is-layout-flow\">\n<h2 class=\"wp-block-heading has-large-font-size\">\u00bfBuscas una cotizaci\u00f3n, atenci\u00f3n al cliente o tienes una pregunta?<\/h2>\n\n\n\n<p style=\"margin-top:16px\">Encu\u00e9ntranos en una de nuestras <a href=\"https:\/\/altezains.com\/es\/office-locations\/\" data-type=\"link\" data-id=\"https:\/\/altezains.com\/office-locations\/\">oficinas<\/a>; Ll\u00e1manos al <a href=\"tel:6308304500\">630-830-4500<\/a>; Correo electr\u00f3nico <a href=\"mailto:admin@altezains.com\">admin@altezains.com<\/a>, o completa el formulario de contacto abajo para recibir asistencia r\u00e1pida.<\/p>\n<\/div>\n\n\n\n<div class=\"wp-block-column is-layout-flow wp-block-column-is-layout-flow\">\n<div class=\"wp-block-contact-form-7-contact-form-selector\">\n<div class=\"wpcf7 no-js\" id=\"wpcf7-f12-o1\" lang=\"en\" dir=\"ltr\" data-wpcf7-id=\"12\">\n<div class=\"screen-reader-response\"><p role=\"status\" aria-live=\"polite\" aria-atomic=\"true\"><\/p> <ul><\/ul><\/div>\n<form action=\"\/es\/wp-json\/wp\/v2\/pages\/17#wpcf7-f12-o1\" method=\"post\" class=\"wpcf7-form init\" aria-label=\"Formulario de contacto\" novalidate=\"novalidate\" data-status=\"init\" data-trp-original-action=\"\/es\/wp-json\/wp\/v2\/pages\/17#wpcf7-f12-o1\">\n<fieldset class=\"hidden-fields-container\"><input type=\"hidden\" name=\"_wpcf7\" value=\"12\" \/><input type=\"hidden\" name=\"_wpcf7_version\" value=\"6.1.5\" \/><input type=\"hidden\" name=\"_wpcf7_locale\" value=\"en\" \/><input type=\"hidden\" name=\"_wpcf7_unit_tag\" value=\"wpcf7-f12-o1\" \/><input type=\"hidden\" name=\"_wpcf7_container_post\" value=\"0\" \/><input type=\"hidden\" name=\"_wpcf7_posted_data_hash\" value=\"\" \/>\n<\/fieldset>\n<p><label> Tu nombre<br \/>\n<span class=\"wpcf7-form-control-wrap\" data-name=\"your-name\"><input size=\"40\" maxlength=\"400\" class=\"wpcf7-form-control wpcf7-text wpcf7-validates-as-required\" autocomplete=\"name\" aria-required=\"true\" aria-invalid=\"false\" value=\"\" type=\"text\" name=\"your-name\" \/><\/span> <\/label>\n<\/p>\n<p><label> Tu correo electr\u00f3nico<br \/>\n<span class=\"wpcf7-form-control-wrap\" data-name=\"your-email\"><input size=\"40\" maxlength=\"400\" class=\"wpcf7-form-control wpcf7-email wpcf7-validates-as-required wpcf7-text wpcf7-validates-as-email\" autocomplete=\"email\" aria-required=\"true\" aria-invalid=\"false\" value=\"\" type=\"email\" name=\"your-email\" \/><\/span> <\/label>\n<\/p>\n<p><label> Asunto<br \/>\n<span class=\"wpcf7-form-control-wrap\" data-name=\"your-subject\"><input size=\"40\" maxlength=\"400\" class=\"wpcf7-form-control wpcf7-text wpcf7-validates-as-required\" aria-required=\"true\" aria-invalid=\"false\" value=\"\" type=\"text\" name=\"your-subject\" \/><\/span> <\/label>\n<\/p>\n<p><label> Tu mensaje (opcional)<br \/>\n<span class=\"wpcf7-form-control-wrap\" data-name=\"your-message\"><textarea cols=\"40\" rows=\"10\" maxlength=\"2000\" class=\"wpcf7-form-control wpcf7-textarea\" aria-invalid=\"false\" name=\"your-message\"><\/textarea><\/span> <\/label>\n<\/p>\n<p><input class=\"wpcf7-form-control wpcf7-submit has-spinner\" type=\"submit\" value=\"Enviar\" \/>\n<\/p><div class=\"wpcf7-response-output\" aria-hidden=\"true\"><\/div>\n<input type=\"hidden\" name=\"trp-form-language\" value=\"es\"\/><\/form>\n<\/div>\n<\/div>\n<\/div>\n<\/div>\n<\/div>","protected":false},"excerpt":{"rendered":"<p>Insuring Chicagoland for over 20 years Our experienced insurance team helps you find the right coverage from top carriers and answers all your questions along the way. We\u2019ve proudly served customers in Hanover Park, Streamwood, Elgin, Carpentersville, and Chicago, treating everyone with respect and care. Let us simplify your insurance shopping so you can have [&hellip;]<\/p>\n","protected":false},"author":1,"featured_media":0,"parent":0,"menu_order":0,"comment_status":"closed","ping_status":"closed","template":"no-title","meta":{"footnotes":""},"class_list":["post-17","page","type-page","status-publish","hentry"],"aioseo_notices":[],"_links":{"self":[{"href":"https:\/\/altezains.com\/es\/wp-json\/wp\/v2\/pages\/17","targetHints":{"allow":["GET"]}}],"collection":[{"href":"https:\/\/altezains.com\/es\/wp-json\/wp\/v2\/pages"}],"about":[{"href":"https:\/\/altezains.com\/es\/wp-json\/wp\/v2\/types\/page"}],"author":[{"embeddable":true,"href":"https:\/\/altezains.com\/es\/wp-json\/wp\/v2\/users\/1"}],"replies":[{"embeddable":true,"href":"https:\/\/altezains.com\/es\/wp-json\/wp\/v2\/comments?post=17"}],"version-history":[{"count":31,"href":"https:\/\/altezains.com\/es\/wp-json\/wp\/v2\/pages\/17\/revisions"}],"predecessor-version":[{"id":217,"href":"https:\/\/altezains.com\/es\/wp-json\/wp\/v2\/pages\/17\/revisions\/217"}],"wp:attachment":[{"href":"https:\/\/altezains.com\/es\/wp-json\/wp\/v2\/media?parent=17"}],"curies":[{"name":"wp","href":"https:\/\/api.w.org\/{rel}","templated":true}]}}